{"id":10160,"date":"2024-01-24T11:33:28","date_gmt":"2024-01-24T10:33:28","guid":{"rendered":"http:\/\/ec-ee.pl\/?page_id=10160"},"modified":"2024-02-01T06:35:33","modified_gmt":"2024-02-01T05:35:33","slug":"our-company-suppliers","status":"publish","type":"page","link":"https:\/\/ec-ee.pl\/pl\/our-company-suppliers\/","title":{"rendered":"Our Company &amp; Suppliers"},"content":{"rendered":"<p>ECEE wsp\u00f3\u0142pracuje z lokalnymi partnerami, dystrybutorami, producentami i \u0142a\u0144cuchami dostaw na ca\u0142ym \u015bwiecie. ECEE oczekuje takiego samego zaanga\u017cowania w etyczne praktyki biznesowe, jakiego przestrzega ECEE, oraz wdro\u017cenia i przestrzegania skutecznych proces\u00f3w, procedur i us\u0142ug kontrolnych, aby zapewni\u0107 podj\u0119cie odpowiednich krok\u00f3w w celu wykorzenienia wszelkich form wsp\u00f3\u0142czesnego niewolnictwa i handlu lud\u017ami. Praktyki w miejscu pracy, kt\u00f3rych oczekujemy od naszych dostawc\u00f3w obejmuj\u0105:<\/p>\n<ul>\n<li>wykluczenie pracy niewolniczej, nielegalnej pracy dzieci lub pracy przymusowej<\/li>\n<li>zapewni\u0107, aby og\u00f3lne warunki zatrudnienia by\u0142y wolne od przymusu i dobrowolne<\/li>\n<li>zapewni\u0107 bezpieczne warunki pracy<\/li>\n<li>spe\u0142nia\u0107 wszystkie lokalne obowi\u0105zuj\u0105ce przepisy dotycz\u0105ce wymaga\u0144 dotycz\u0105cych minimalnego wieku, wynagrodze\u0144, nadgodzin i \u015bwiadcze\u0144<\/li>\n<li>przestrzega\u0107 lokalnych przepis\u00f3w dotycz\u0105cych liczby godzin przepracowanych w siedmiodniowym tygodniu pracy<\/li>\n<\/ul>\n<p>Dostawcy ECEE musz\u0105 by\u0107 gotowi wykaza\u0107 zgodno\u015b\u0107 z niniejsz\u0105 polityk\u0105 na \u017c\u0105danie i w spos\u00f3b zadowalaj\u0105cy ECEE. ECEE przeprowadza wewn\u0119trzn\u0105 weryfikacj\u0119 \u0142a\u0144cuch\u00f3w dostaw produkt\u00f3w w celu oceny i zaj\u0119cia si\u0119 zagro\u017ceniami zwi\u0105zanymi ze wsp\u00f3\u0142czesnym niewolnictwem i handlem lud\u017ami.<\/p>","protected":false},"excerpt":{"rendered":"<p>ECEE collaborates with local partners, distributors, manufacturers, and supply chains across the world. ECEE expects the same commitment to ethical business practices as ECEE upholds and that effective control processes, procedures and services are implemented and adhered, to ensure that appropriate steps are taken to eradicate any form of modern slavery or human trafficking. The<\/p>","protected":false},"author":4,"featured_media":0,"parent":0,"menu_order":0,"comment_status":"closed","ping_status":"closed","template":"","meta":{"inline_featured_image":false,"footnotes":""},"class_list":["post-10160","page","type-page","status-publish","hentry"],"_links":{"self":[{"href":"https:\/\/ec-ee.pl\/pl\/wp-json\/wp\/v2\/pages\/10160","targetHints":{"allow":["GET"]}}],"collection":[{"href":"https:\/\/ec-ee.pl\/pl\/wp-json\/wp\/v2\/pages"}],"about":[{"href":"https:\/\/ec-ee.pl\/pl\/wp-json\/wp\/v2\/types\/page"}],"author":[{"embeddable":true,"href":"https:\/\/ec-ee.pl\/pl\/wp-json\/wp\/v2\/users\/4"}],"replies":[{"embeddable":true,"href":"https:\/\/ec-ee.pl\/pl\/wp-json\/wp\/v2\/comments?post=10160"}],"version-history":[{"count":2,"href":"https:\/\/ec-ee.pl\/pl\/wp-json\/wp\/v2\/pages\/10160\/revisions"}],"predecessor-version":[{"id":10557,"href":"https:\/\/ec-ee.pl\/pl\/wp-json\/wp\/v2\/pages\/10160\/revisions\/10557"}],"wp:attachment":[{"href":"https:\/\/ec-ee.pl\/pl\/wp-json\/wp\/v2\/media?parent=10160"}],"curies":[{"name":"wp","href":"https:\/\/api.w.org\/{rel}","templated":true}]}}