{"id":10162,"date":"2024-01-24T11:34:18","date_gmt":"2024-01-24T10:34:18","guid":{"rendered":"http:\/\/ec-ee.pl\/?page_id=10162"},"modified":"2024-01-24T11:34:18","modified_gmt":"2024-01-24T10:34:18","slug":"quality","status":"publish","type":"page","link":"https:\/\/ec-ee.pl\/pl\/quality\/","title":{"rendered":"Quality"},"content":{"rendered":"<p>ECEE gwarantuje autentyczne produkty 100%. W zwi\u0105zku z faktem, \u017ce w bran\u017cy komponent\u00f3w elektronicznych obserwuje si\u0119 wzrost liczby podrobionych komponent\u00f3w wprowadzanych do \u0142a\u0144cucha dostaw, w ECEE d\u0105\u017cymy do eliminowania podrabianych produkt\u00f3w z rynk\u00f3w. ECEE podejmuje wszelkie \u015brodki ostro\u017cno\u015bci, aby mie\u0107 pewno\u015b\u0107, \u017ce nasi klienci otrzymaj\u0105 autoryzowane, autentyczne komponenty bezpo\u015brednio od oryginalnych producent\u00f3w lub ich autoryzowanych dystrybutor\u00f3w. Klienci ECEE mog\u0105 na nas polega\u0107. Wdro\u017cyli\u015bmy najbardziej rygorystyczne mechanizmy kontroli identyfikowalno\u015bci produkt\u00f3w i zapobiegania podr\u00f3bkom. Zapewniamy dostaw\u0119 oryginalnych komponent\u00f3w elektronicznych 100%.<\/p>\n<p>Zakupy za po\u015brednictwem ECEE oznaczaj\u0105:<\/p>\n<ul>\n<li>wszystkie produkty zosta\u0142y pozyskane bezpo\u015brednio od producent\u00f3w i z autoryzowanych kana\u0142\u00f3w sprzeda\u017cy<\/li>\n<li>wszystkie produkty by\u0142y obs\u0142ugiwane i przechowywane zgodnie z bran\u017cowymi standardami jako\u015bci<\/li>\n<li>dost\u0119p do pe\u0142nego zakresu aktualnych informacji technicznych i produkt\u00f3w producent\u00f3w ECEE<\/li>\n<li>dost\u0119p do autorskiego, kompleksowego wsparcia technicznego<\/li>\n<\/ul>","protected":false},"excerpt":{"rendered":"<p>ECEE guarantees 100% authentic products. Due to the fact that the electronics component industry has seen a rise in counterfeit components entering the supply chain, at ECEE we strive to eliminate counterfeit products from the markets. ECEE takes every precaution to ensure our customers receive authorised, authentic components directly from the original manufacturers or their<\/p>","protected":false},"author":4,"featured_media":0,"parent":0,"menu_order":0,"comment_status":"closed","ping_status":"closed","template":"","meta":{"inline_featured_image":false,"footnotes":""},"class_list":["post-10162","page","type-page","status-publish","hentry"],"_links":{"self":[{"href":"https:\/\/ec-ee.pl\/pl\/wp-json\/wp\/v2\/pages\/10162","targetHints":{"allow":["GET"]}}],"collection":[{"href":"https:\/\/ec-ee.pl\/pl\/wp-json\/wp\/v2\/pages"}],"about":[{"href":"https:\/\/ec-ee.pl\/pl\/wp-json\/wp\/v2\/types\/page"}],"author":[{"embeddable":true,"href":"https:\/\/ec-ee.pl\/pl\/wp-json\/wp\/v2\/users\/4"}],"replies":[{"embeddable":true,"href":"https:\/\/ec-ee.pl\/pl\/wp-json\/wp\/v2\/comments?post=10162"}],"version-history":[{"count":1,"href":"https:\/\/ec-ee.pl\/pl\/wp-json\/wp\/v2\/pages\/10162\/revisions"}],"predecessor-version":[{"id":10163,"href":"https:\/\/ec-ee.pl\/pl\/wp-json\/wp\/v2\/pages\/10162\/revisions\/10163"}],"wp:attachment":[{"href":"https:\/\/ec-ee.pl\/pl\/wp-json\/wp\/v2\/media?parent=10162"}],"curies":[{"name":"wp","href":"https:\/\/api.w.org\/{rel}","templated":true}]}}