{"id":10164,"date":"2024-01-24T11:35:49","date_gmt":"2024-01-24T10:35:49","guid":{"rendered":"http:\/\/ec-ee.pl\/?page_id=10164"},"modified":"2024-02-01T06:36:27","modified_gmt":"2024-02-01T05:36:27","slug":"global-trade-compliance","status":"publish","type":"page","link":"https:\/\/ec-ee.pl\/pl\/global-trade-compliance\/","title":{"rendered":"Global Trade Compliance"},"content":{"rendered":"<p>ECEE jest polskim i europejskim liderem dystrybucji komponent\u00f3w elektronicznych, dlatego te\u017c z tym globalnym biznesem wi\u0105\u017ce si\u0119 odpowiedzialno\u015b\u0107 za przestrzeganie przepis\u00f3w eksportowych i importowych kraj\u00f3w, w kt\u00f3rych prowadzimy dzia\u0142alno\u015b\u0107.<\/p>","protected":false},"excerpt":{"rendered":"<p>ECEE jest polskim i europejskim liderem dystrybucji komponent\u00f3w elektronicznych, dlatego te\u017c z tym globalnym biznesem wi\u0105\u017ce si\u0119 odpowiedzialno\u015b\u0107 za przestrzeganie przepis\u00f3w eksportowych i importowych kraj\u00f3w, w kt\u00f3rych prowadzimy dzia\u0142alno\u015b\u0107.<\/p>","protected":false},"author":4,"featured_media":0,"parent":0,"menu_order":0,"comment_status":"closed","ping_status":"closed","template":"","meta":{"inline_featured_image":false,"footnotes":""},"class_list":["post-10164","page","type-page","status-publish","hentry"],"_links":{"self":[{"href":"https:\/\/ec-ee.pl\/pl\/wp-json\/wp\/v2\/pages\/10164","targetHints":{"allow":["GET"]}}],"collection":[{"href":"https:\/\/ec-ee.pl\/pl\/wp-json\/wp\/v2\/pages"}],"about":[{"href":"https:\/\/ec-ee.pl\/pl\/wp-json\/wp\/v2\/types\/page"}],"author":[{"embeddable":true,"href":"https:\/\/ec-ee.pl\/pl\/wp-json\/wp\/v2\/users\/4"}],"replies":[{"embeddable":true,"href":"https:\/\/ec-ee.pl\/pl\/wp-json\/wp\/v2\/comments?post=10164"}],"version-history":[{"count":1,"href":"https:\/\/ec-ee.pl\/pl\/wp-json\/wp\/v2\/pages\/10164\/revisions"}],"predecessor-version":[{"id":10165,"href":"https:\/\/ec-ee.pl\/pl\/wp-json\/wp\/v2\/pages\/10164\/revisions\/10165"}],"wp:attachment":[{"href":"https:\/\/ec-ee.pl\/pl\/wp-json\/wp\/v2\/media?parent=10164"}],"curies":[{"name":"wp","href":"https:\/\/api.w.org\/{rel}","templated":true}]}}