{"id":10168,"date":"2024-01-24T11:36:29","date_gmt":"2024-01-24T10:36:29","guid":{"rendered":"http:\/\/ec-ee.pl\/?page_id=10168"},"modified":"2024-01-24T11:36:29","modified_gmt":"2024-01-24T10:36:29","slug":"modern-slavery-and-human-trafficking","status":"publish","type":"page","link":"https:\/\/ec-ee.pl\/pl\/modern-slavery-and-human-trafficking\/","title":{"rendered":"Modern Slavery and Human Trafficking"},"content":{"rendered":"<p>ECEE nie toleruje \u017cadnych form ani praktyk stanowi\u0105cych wsp\u00f3\u0142czesne niewolnictwo lub handel lud\u017ami w jakiejkolwiek cz\u0119\u015bci naszej organizacji i jest zdecydowana podj\u0105\u0107 niezb\u0119dne dzia\u0142ania w celu ochrony praw naszych pracownik\u00f3w i pracownik\u00f3w zgodnie z naszymi politykami i procedurami.<\/p>\n<p><b>Polityka ECEE dotycz\u0105ca praw cz\u0142owieka<\/b><\/p>\n<p>ECEE wzmacnia stanowisko na rzecz wyeliminowania wszelkich form wsp\u00f3\u0142czesnego niewolnictwa i handlu lud\u017ami. Wszyscy pracownicy maj\u0105 obowi\u0105zek i obowi\u0105zek natychmiastowego zg\u0142aszania wszelkich obaw bez obawy przed kar\u0105, je\u015bli uwa\u017caj\u0105, \u017ce co\u015b jest potencjalnie niebezpieczne, nieetyczne, szkodliwe lub narusza prawa cz\u0142owieka.<\/p>\n<p>G\u0142os pracownik\u00f3w ECEE jest wys\u0142uchiwany i s\u0142yszany \u2013 maj\u0105 prawo zabra\u0107 g\u0142os i s\u0105 aktywnie wspierani, je\u015bli maj\u0105 jakiekolwiek w\u0105tpliwo\u015bci lub pytania.<\/p>\n<p><b>Ocena ryzyka wsp\u00f3\u0142czesnego niewolnictwa i handlu lud\u017ami<\/b><\/p>\n<p>W ECEE dokonujemy przegl\u0105du i monitorujemy ryzyko wsp\u00f3\u0142czesnego niewolnictwa i handlu lud\u017ami w naszej dzia\u0142alno\u015bci i \u0142a\u0144cuchach dostaw, aby mie\u0107 pewno\u015b\u0107, \u017ce wszyscy nasi dostawcy dzia\u0142aj\u0105 zgodnie z nasz\u0105 polityk\u0105 i przestrzegaj\u0105 lokalnego ustawodawstwa w zakresie zatrudnienia i praw pracowniczych. Praktyki zakupowe przedsi\u0119biorstw ECEE, kt\u00f3re wp\u0142ywaj\u0105 na warunki i umowy w \u0142a\u0144cuchu dostaw, musz\u0105 by\u0107 zaprojektowane tak, aby zapewni\u0107, \u017ce ceny s\u0105 realistyczne i negocjowane z my\u015bl\u0105 o zapobieganiu wsp\u00f3\u0142czesnemu niewolnictwu lub handlowi lud\u017ami, a w stosownych przypadkach r\u00f3wnie\u017c one powinny zapewnia\u0107 dost\u0119p do o\u015bwiadcze\u0144 o wsp\u00f3\u0142czesnym niewolnictwie.<\/p>\n<p><b>Treningi<\/b><\/p>\n<p>Pracownicy ECEE s\u0105 \u015bwiadomi zaanga\u017cowania Sp\u00f3\u0142ki w przestrzeganie polityki praw cz\u0142owieka oraz potencjalnych skutk\u00f3w dla firmy. ECEE zapewnia swoim pracownikom szkolenia w zakresie prawa i polityki przeciwdzia\u0142aj\u0105cej wsp\u00f3\u0142czesnemu niewolnictwu i handlowi lud\u017ami.<\/p>\n<p><b>Zaanga\u017cowanie ECEE <\/b><\/p>\n<p>Zarz\u0105d i Zesp\u00f3\u0142 ECEE przeprowadzaj\u0105 przegl\u0105dy, aby upewni\u0107 si\u0119, \u017ce nasze plany operacyjne uwzgl\u0119dniaj\u0105 wszelkie potencjalne ryzyko zwi\u0105zane ze wsp\u00f3\u0142czesnym niewolnictwem i handlem lud\u017ami.<\/p>","protected":false},"excerpt":{"rendered":"<p>ECEE does not tolerate any form or practice that constitutes modern slavery or human trafficking in any part of our organisation and is determined to take necessary actions to safeguard the rights of our employee\u2019s and workers in accordance with our policies and procedures. ECEE Human Rights policy ECEE reinforces stance for the elimination of<\/p>","protected":false},"author":4,"featured_media":0,"parent":0,"menu_order":0,"comment_status":"closed","ping_status":"closed","template":"","meta":{"inline_featured_image":false,"footnotes":""},"class_list":["post-10168","page","type-page","status-publish","hentry"],"_links":{"self":[{"href":"https:\/\/ec-ee.pl\/pl\/wp-json\/wp\/v2\/pages\/10168","targetHints":{"allow":["GET"]}}],"collection":[{"href":"https:\/\/ec-ee.pl\/pl\/wp-json\/wp\/v2\/pages"}],"about":[{"href":"https:\/\/ec-ee.pl\/pl\/wp-json\/wp\/v2\/types\/page"}],"author":[{"embeddable":true,"href":"https:\/\/ec-ee.pl\/pl\/wp-json\/wp\/v2\/users\/4"}],"replies":[{"embeddable":true,"href":"https:\/\/ec-ee.pl\/pl\/wp-json\/wp\/v2\/comments?post=10168"}],"version-history":[{"count":1,"href":"https:\/\/ec-ee.pl\/pl\/wp-json\/wp\/v2\/pages\/10168\/revisions"}],"predecessor-version":[{"id":10169,"href":"https:\/\/ec-ee.pl\/pl\/wp-json\/wp\/v2\/pages\/10168\/revisions\/10169"}],"wp:attachment":[{"href":"https:\/\/ec-ee.pl\/pl\/wp-json\/wp\/v2\/media?parent=10168"}],"curies":[{"name":"wp","href":"https:\/\/api.w.org\/{rel}","templated":true}]}}