{"id":10170,"date":"2024-01-24T11:36:47","date_gmt":"2024-01-24T10:36:47","guid":{"rendered":"http:\/\/ec-ee.pl\/?page_id=10170"},"modified":"2024-02-01T06:37:22","modified_gmt":"2024-02-01T05:37:22","slug":"environmental","status":"publish","type":"page","link":"https:\/\/ec-ee.pl\/pl\/environmental\/","title":{"rendered":"Environmental"},"content":{"rendered":"<p>Polityka \u015brodowiskowa ECEE obejmuje wszystkie odpowiednie przepisy i regulacje dotycz\u0105ce ochrony \u015brodowiska na ca\u0142ym \u015bwiecie. ECEE \u015bci\u015ble wsp\u00f3\u0142pracuje z producentami, aby zapewni\u0107 naszym klientom produkty zgodne z odpowiednimi przepisami i regulacjami dotycz\u0105cymi ochrony \u015brodowiska.<\/p>\n<p>Jako dystrybutor komponent\u00f3w elektronicznych ECEE stara si\u0119 w\u0142a\u015bciwie identyfikowa\u0107 wszystkie aspekty \u015brodowiskowe. ECEE zobowi\u0105zuje si\u0119 do zapewnienia dok\u0142adnej i identyfikowalnej identyfikacji numer\u00f3w cz\u0119\u015bci na podstawie dokumentacji prosto od producent\u00f3w.<\/p>\n<p>ECEE zaprasza do zapoznania si\u0119 z faktem, \u017ce my, ECEE i nasi dostawcy wsp\u00f3\u0142pracujemy, aby zapewni\u0107 naszych klient\u00f3w, \u017ce dost\u0119pne s\u0105 produkty zgodne z obowi\u0105zuj\u0105cymi dyrektywami i przepisami.<\/p>\n<p>Je\u015bli masz jakie\u015b pytania? \u2013 prosimy o kontakt z ECEE w przypadku jakichkolwiek pyta\u0144 dotycz\u0105cych ochrony \u015brodowiska.<\/p>","protected":false},"excerpt":{"rendered":"<p>ECEE environmental policy encompasses all relevant environmental laws and regulations globally. ECEE works closely with manufacturers to provide our customers with products that are compliant with relevant environmental laws and regulations. As a distributor of electronic components, ECEE strives to identify all environmental aspects properly. ECEE is committed to include accurate and traceable identification to<\/p>","protected":false},"author":4,"featured_media":0,"parent":0,"menu_order":0,"comment_status":"closed","ping_status":"closed","template":"","meta":{"inline_featured_image":false,"footnotes":""},"class_list":["post-10170","page","type-page","status-publish","hentry"],"_links":{"self":[{"href":"https:\/\/ec-ee.pl\/pl\/wp-json\/wp\/v2\/pages\/10170","targetHints":{"allow":["GET"]}}],"collection":[{"href":"https:\/\/ec-ee.pl\/pl\/wp-json\/wp\/v2\/pages"}],"about":[{"href":"https:\/\/ec-ee.pl\/pl\/wp-json\/wp\/v2\/types\/page"}],"author":[{"embeddable":true,"href":"https:\/\/ec-ee.pl\/pl\/wp-json\/wp\/v2\/users\/4"}],"replies":[{"embeddable":true,"href":"https:\/\/ec-ee.pl\/pl\/wp-json\/wp\/v2\/comments?post=10170"}],"version-history":[{"count":1,"href":"https:\/\/ec-ee.pl\/pl\/wp-json\/wp\/v2\/pages\/10170\/revisions"}],"predecessor-version":[{"id":10171,"href":"https:\/\/ec-ee.pl\/pl\/wp-json\/wp\/v2\/pages\/10170\/revisions\/10171"}],"wp:attachment":[{"href":"https:\/\/ec-ee.pl\/pl\/wp-json\/wp\/v2\/media?parent=10170"}],"curies":[{"name":"wp","href":"https:\/\/api.w.org\/{rel}","templated":true}]}}