{"id":10172,"date":"2024-01-24T11:37:24","date_gmt":"2024-01-24T10:37:24","guid":{"rendered":"http:\/\/ec-ee.pl\/?page_id=10172"},"modified":"2024-01-24T11:37:24","modified_gmt":"2024-01-24T10:37:24","slug":"shipping-impacts","status":"publish","type":"page","link":"https:\/\/ec-ee.pl\/pl\/shipping-impacts\/","title":{"rendered":"Shipping Impacts"},"content":{"rendered":"<p>Drodzy Klienci ECEE,<\/p>\n<p>ECEE regularnie komunikuje si\u0119 z naszymi dostawcami i dostawcami us\u0142ug logistycznych, aby zrozumie\u0107, jaki mo\u017ce to mie\u0107 na nich wp\u0142yw fakt, \u017ce w kolejnych krajach w dalszym ci\u0105gu obowi\u0105zuj\u0105 ograniczenia w pracy i podr\u00f3\u017cowaniu w wyniku pandemii Covid-19 i wojny na Ukrainie.<\/p>\n<p>W ECEE w dalszym ci\u0105gu \u015bci\u015ble wsp\u00f3\u0142pracujemy z naszymi dostawcami i us\u0142ugodawcami logistycznymi nad naszymi wsp\u00f3lnymi planami, aby zminimalizowa\u0107 wp\u0142yw tej sytuacji na naszych klient\u00f3w. Uwa\u017cnie monitorujemy sytuacj\u0119 w regionie i codziennie spotykamy si\u0119, aby aktualizowa\u0107 i modyfikowa\u0107 plany dzia\u0142a\u0144.<\/p>\n<p>Aby zminimalizowa\u0107 i z\u0142agodzi\u0107 mo\u017cliwo\u015b\u0107 wp\u0142ywu COVID-19 na nasz\u0105 globaln\u0105 dzia\u0142alno\u015b\u0107, wdro\u017cyli\u015bmy nast\u0119puj\u0105ce plany, kt\u00f3re obowi\u0105zuj\u0105 od zaraz:<\/p>\n<ul>\n<li>wszystkie niepotrzebne podr\u00f3\u017ce zosta\u0142y odwo\u0142ane.<\/li>\n<li>wszystkie wycieczki dla zwiedzaj\u0105cych zosta\u0142y prze\u0142o\u017cone na czas nieokre\u015blony.<\/li>\n<\/ul>\n<p>Kontrola temperatury wszystkich cz\u0142onk\u00f3w zespo\u0142u przed rozpocz\u0119ciem ka\u017cdej zmiany.<\/p>\n<p>Zwi\u0119kszono liczb\u0119 personelu sprz\u0105taj\u0105cego i zosta\u0142y dodane. Czyszczenie stacji roboczej pomi\u0119dzy zmianami.<\/p>\n<p>Przewo\u017anikom\/kurierom nie wolno wchodzi\u0107 do wsp\u00f3lnych obszar\u00f3w centr\u00f3w dystrybucyjnych.<\/p>\n<p>Dodatkowe \u015brodki do dezynfekcji r\u0105k, chusteczki i \u015brodki czyszcz\u0105ce zosta\u0142y zakupione, rozdystrybuowane i s\u0105 w u\u017cyciu.<\/p>\n<p>W stosownych przypadkach dzielone zmiany i przerwy, aby zminimalizowa\u0107 kontakt.<\/p>\n<p>Zesp\u00f3\u0142 ECEE jest w pe\u0142ni zaanga\u017cowany w zapewnienie, \u017ce bezpiecze\u0144stwo cz\u0142onk\u00f3w naszego zespo\u0142u i \u0142a\u0144cuch\u00f3w dostaw klient\u00f3w nie b\u0119d\u0105 mia\u0142y negatywnego wp\u0142ywu. B\u0119dziemy kontynuowa\u0107 te dzia\u0142ania, dop\u00f3ki WHO i inne organizacje zajmuj\u0105ce si\u0119 zdrowiem nie zasugeruj\u0105, \u017ce wznowienie regularnych operacji jest bezpieczne.<\/p>\n<p>Naszym priorytetem jest zapewnienie bezpiecze\u0144stwa naszych pracownik\u00f3w oraz zapewnienie naszym klientom bezpiecze\u0144stwa dostaw, dost\u0119pno\u015bci produkt\u00f3w oraz informacji niezb\u0119dnych do tego, aby\u015bcie byli na bie\u017c\u0105co z naj\u015bwie\u017cszymi informacjami.<\/p>\n<p>Prosimy o cierpliwo\u015b\u0107, poniewa\u017c sytuacja si\u0119 rozwija. B\u0119dziemy dostarcza\u0107 aktualizacje, gdy b\u0119dzie dost\u0119pnych wi\u0119cej informacji. Nale\u017cy pami\u0119ta\u0107, \u017ce chocia\u017c staramy si\u0119 zapewni\u0107 Pa\u0144stwu aktualne i dok\u0142adne informacje, w przypadku wi\u0119kszo\u015bci udost\u0119pnianych informacji powo\u0142ujemy strony trzecie, w tym organizacje rz\u0105dowe i publiczne, a tak\u017ce producent\u00f3w i dostawc\u00f3w. Nie mo\u017cemy niezale\u017cnie zweryfikowa\u0107 tych informacji i nie mo\u017cemy ponosi\u0107 odpowiedzialno\u015bci za ich dok\u0142adno\u015b\u0107 i kompletno\u015b\u0107. Co wi\u0119cej, sytuacja jest p\u0142ynna i nale\u017cy spodziewa\u0107 si\u0119 zak\u0142\u00f3ce\u0144 w produkcji oraz op\u00f3\u017anie\u0144 w dostawach. Chocia\u017c nie ponosimy \u017cadnej odpowiedzialno\u015bci za zdarzenia zwi\u0105zane z si\u0142\u0105 wy\u017csz\u0105, na kt\u00f3re nie mamy wp\u0142ywu, b\u0119dziemy w dalszym ci\u0105gu niezw\u0142ocznie przekazywa\u0107 naszym klientom wszelkie istotne informacje, kt\u00f3re otrzymamy od naszych dostawc\u00f3w i dostawc\u00f3w us\u0142ug logistycznych.<\/p>","protected":false},"excerpt":{"rendered":"<p>Dear ECEE Customers, ECEE is having regular communication with our suppliers and our logistics service providers to understand how they may be impacted as additional countries continue to be affected by work and travel restrictions as a result of the COVID-19 pandemic and War in Ukraine. At ECEE we continue to work very closely with<\/p>","protected":false},"author":4,"featured_media":0,"parent":0,"menu_order":0,"comment_status":"closed","ping_status":"closed","template":"","meta":{"inline_featured_image":false,"footnotes":""},"class_list":["post-10172","page","type-page","status-publish","hentry"],"_links":{"self":[{"href":"https:\/\/ec-ee.pl\/pl\/wp-json\/wp\/v2\/pages\/10172","targetHints":{"allow":["GET"]}}],"collection":[{"href":"https:\/\/ec-ee.pl\/pl\/wp-json\/wp\/v2\/pages"}],"about":[{"href":"https:\/\/ec-ee.pl\/pl\/wp-json\/wp\/v2\/types\/page"}],"author":[{"embeddable":true,"href":"https:\/\/ec-ee.pl\/pl\/wp-json\/wp\/v2\/users\/4"}],"replies":[{"embeddable":true,"href":"https:\/\/ec-ee.pl\/pl\/wp-json\/wp\/v2\/comments?post=10172"}],"version-history":[{"count":1,"href":"https:\/\/ec-ee.pl\/pl\/wp-json\/wp\/v2\/pages\/10172\/revisions"}],"predecessor-version":[{"id":10173,"href":"https:\/\/ec-ee.pl\/pl\/wp-json\/wp\/v2\/pages\/10172\/revisions\/10173"}],"wp:attachment":[{"href":"https:\/\/ec-ee.pl\/pl\/wp-json\/wp\/v2\/media?parent=10172"}],"curies":[{"name":"wp","href":"https:\/\/api.w.org\/{rel}","templated":true}]}}