{"id":10302,"date":"2024-01-25T15:20:49","date_gmt":"2024-01-25T14:20:49","guid":{"rendered":"http:\/\/ec-ee.pl\/?page_id=10302"},"modified":"2024-02-01T11:23:17","modified_gmt":"2024-02-01T10:23:17","slug":"the-best-way-to-sell-excess-inventory","status":"publish","type":"page","link":"https:\/\/ec-ee.pl\/pl\/the-best-way-to-sell-excess-inventory\/","title":{"rendered":"Najlepszy spos\u00f3b na sprzeda\u017c nadwy\u017cek magazynowych"},"content":{"rendered":"<div data-elementor-type=\"wp-page\" data-elementor-id=\"10302\" class=\"elementor elementor-10302\">\n\t\t\t\t\t\t<section class=\"elementor-section elementor-top-section elementor-element elementor-element-6182d73c elementor-section-boxed elementor-section-height-default elementor-section-height-default\" data-id=\"6182d73c\" data-element_type=\"section\">\n\t\t\t\t\t\t<div class=\"elementor-container elementor-column-gap-default\">\n\t\t\t\t\t<div class=\"elementor-column elementor-col-100 elementor-top-column elementor-element elementor-element-4d2048c\" data-id=\"4d2048c\" data-element_type=\"column\">\n\t\t\t<div class=\"elementor-widget-wrap elementor-element-populated\">\n\t\t\t\t\t\t<div class=\"elementor-element elementor-element-316fdd0a elementor-widget elementor-widget-text-editor\" data-id=\"316fdd0a\" data-element_type=\"widget\" data-widget_type=\"text-editor.default\">\n\t\t\t\t<div class=\"elementor-widget-container\">\n\t\t\t<style>\/*! elementor - v3.19.0 - 29-01-2024 *\/\n.elementor-widget-text-editor.elementor-drop-cap-view-stacked .elementor-drop-cap{background-color:#69727d;color:#fff}.elementor-widget-text-editor.elementor-drop-cap-view-framed .elementor-drop-cap{color:#69727d;border:3px solid;background-color:transparent}.elementor-widget-text-editor:not(.elementor-drop-cap-view-default) .elementor-drop-cap{margin-top:8px}.elementor-widget-text-editor:not(.elementor-drop-cap-view-default) .elementor-drop-cap-letter{width:1em;height:1em}.elementor-widget-text-editor .elementor-drop-cap{float:left;text-align:center;line-height:1;font-size:50px}.elementor-widget-text-editor .elementor-drop-cap-letter{display:inline-block}<\/style>\t\t\t\t<p><b>ECEE \u2013 Program Sprzeda\u017cy Komisowej<\/b><\/p>\n<p>Program Komisowy to najefektywniejszy spos\u00f3b sprzeda\u017cy nadwy\u017cek magazynowych, kt\u00f3re Pa\u0144stwo posiadaj\u0105. Przy minimalnym nak\u0142adzie i wysi\u0142ku generujecie Pa\u0144stwo maksymalne zyski. W procesie tym, wykorzystywane s\u0105 dzia\u0142aj\u0105ce w skali \u015bwiatowej koncepcje i rozwi\u0105zania logistyczne, proponowane przez firm\u0119 ECEE. Przejmujemy nadwy\u017ck\u0119 zapas\u00f3w jako towar komisowy i sprzedajemy go z zyskiem na rynku \u015bwiatowym. Pa\u0144stwo sami nie musicie robi\u0107 absolutnie NIC.<\/p>\n<p>&nbsp;<\/p>\n<p><b>Umowa Komisowa<\/b><\/p>\n<p>ECEE kompleksowo wesprze Pa\u0144stwa w organizowaniu dostaw nadwy\u017cki zapas\u00f3w ju\u017c od samego pocz\u0105tku. Nasi profesjonali\u015bci zapewni\u0105 indywidualne i najlepsze rozwi\u0105zania dopasowane do Pa\u0144stwa potrzeb i wymaga\u0144. Skutki, rezultaty i procesy s\u0105 okre\u015blone, zapisane i zawarte w indywidualnej umowie komisowej.<\/p>\n<p>&nbsp;<\/p>\n<p><b>Analiza rynku i potencja\u0142 sprzeda\u017cy<\/b><\/p>\n<p>Po kontroli towar\u00f3w, nasi specjali\u015bci przeanalizuj\u0105 potencja\u0142 sprzeda\u017cowy Pa\u0144stwa produkt\u00f3w. Bazuj\u0105c na naszym wieloletnim do\u015bwiadczeniu rynkowym, przygotujemy profesjonaln\u0105 baz\u0119 danych, najwa\u017cniejsze dane rynkowe, aktualne wymogi i warunki oraz analiz\u0119 cen. Nast\u0119pnie wprowadzimy Pa\u0144stwa towary do naszego globalnego systemu sprzeda\u017cy.<\/p>\n<p>&nbsp;<\/p>\n<p><b>Monitorowanie wynik\u00f3w sprzeda\u017cy<\/b><\/p>\n<p>W trakcie trwania ca\u0142ego procesu maj\u0105 Pa\u0144stwo mo\u017cliwo\u015b\u0107 monitorowania aktualnego stanu zapasu towar\u00f3w komisowych. Mog\u0105 Pa\u0144stwo \u015bledzi\u0107 oraz obserwowa\u0107 w czasie rzeczywistym przez ca\u0142\u0105 dob\u0119 wszystkie aktualnie dokonywane transakcje.<\/p>\n<p>&nbsp;<\/p>\n<p><b>Sprawozdawczo\u015b\u0107<\/b><\/p>\n<p>Na koniec ka\u017cdego okresu kontraktowego (np. kwartalnie) ECEE przygotowuje i przekazuje Pa\u0144stwu szczeg\u00f3\u0142ow\u0105 list\u0119, zestawienie sprzeda\u017cy i osi\u0105gni\u0119tego dotychczas zysku ze sprzeda\u017cy towaru komisowego.<\/p>\n<p>&nbsp;<\/p>\n<p><b>Zalety partnerstwa w programie komisowym:<\/b><\/p>\n<ul>\n<li>Pozostajesz w\u0142a\u015bcicielem towar\u00f3w i wykorzystujesz wiedz\u0119 ECEE, aby wprowadza\u0107 je na rynek i sprzedawa\u0107!<\/li>\n<li>ECEE sprzedaje Twoje towary poprzez sw\u00f3j globalny system sprzeda\u017cy na rynku \u015bwiatowym!<\/li>\n<li>Twoje towary s\u0105 r\u00f3wnie\u017c sprzedawane w sprzeda\u017cy detalicznej. Nie musisz ju\u017c czeka\u0107 na ofert\u0119 zakupu ca\u0142ego magazynu!<\/li>\n<li>Oczyszczasz swoje magazyny z zalegaj\u0105cych, bezproduktywnych zapas\u00f3w! Obni\u017casz koszty administracyjne, logistyczne i magazynowe!<\/li>\n<\/ul>\n\t\t\t\t\t\t<\/div>\n\t\t\t\t<\/div>\n\t\t\t\t<div class=\"elementor-element elementor-element-74d1e6a elementor-widget elementor-widget-spacer\" data-id=\"74d1e6a\" data-element_type=\"widget\" data-widget_type=\"spacer.default\">\n\t\t\t\t<div class=\"elementor-widget-container\">\n\t\t\t<style>\/*! elementor - v3.19.0 - 29-01-2024 *\/\n.elementor-column .elementor-spacer-inner{height:var(--spacer-size)}.e-con{--container-widget-width:100%}.e-con-inner>.elementor-widget-spacer,.e-con>.elementor-widget-spacer{width:var(--container-widget-width,var(--spacer-size));--align-self:var(--container-widget-align-self,initial);--flex-shrink:0}.e-con-inner>.elementor-widget-spacer>.elementor-widget-container,.e-con>.elementor-widget-spacer>.elementor-widget-container{height:100%;width:100%}.e-con-inner>.elementor-widget-spacer>.elementor-widget-container>.elementor-spacer,.e-con>.elementor-widget-spacer>.elementor-widget-container>.elementor-spacer{height:100%}.e-con-inner>.elementor-widget-spacer>.elementor-widget-container>.elementor-spacer>.elementor-spacer-inner,.e-con>.elementor-widget-spacer>.elementor-widget-container>.elementor-spacer>.elementor-spacer-inner{height:var(--container-widget-height,var(--spacer-size))}.e-con-inner>.elementor-widget-spacer.elementor-widget-empty,.e-con>.elementor-widget-spacer.elementor-widget-empty{position:relative;min-height:22px;min-width:22px}.e-con-inner>.elementor-widget-spacer.elementor-widget-empty .elementor-widget-empty-icon,.e-con>.elementor-widget-spacer.elementor-widget-empty .elementor-widget-empty-icon{position:absolute;top:0;bottom:0;left:0;right:0;margin:auto;padding:0;width:22px;height:22px}<\/style>\t\t<div class=\"elementor-spacer\">\n\t\t\t<div class=\"elementor-spacer-inner\"><\/div>\n\t\t<\/div>\n\t\t\t\t<\/div>\n\t\t\t\t<\/div>\n\t\t\t\t\t<\/div>\n\t\t<\/div>\n\t\t\t\t\t<\/div>\n\t\t<\/section>\n\t\t\t\t<section class=\"elementor-section elementor-top-section elementor-element elementor-element-41a3cea3 third_bg_color elementor-section-boxed elementor-section-height-default elementor-section-height-default\" data-id=\"41a3cea3\" data-element_type=\"section\" data-settings=\"{&quot;background_background&quot;:&quot;classic&quot;}\">\n\t\t\t\t\t\t<div class=\"elementor-container elementor-column-gap-default\">\n\t\t\t\t\t<div class=\"elementor-column elementor-col-100 elementor-top-column elementor-element elementor-element-110bf9db\" data-id=\"110bf9db\" data-element_type=\"column\" data-settings=\"{&quot;background_background&quot;:&quot;classic&quot;}\">\n\t\t\t<div class=\"elementor-widget-wrap elementor-element-populated\">\n\t\t\t\t\t\t<div class=\"elementor-element elementor-element-129fe1a2 elementor-widget elementor-widget-text-editor\" data-id=\"129fe1a2\" data-element_type=\"widget\" data-widget_type=\"text-editor.default\">\n\t\t\t\t<div class=\"elementor-widget-container\">\n\t\t\t\t\t\t\t<section class=\"elementor-section elementor-top-section elementor-element elementor-element-a5a63ff third_bg_color elementor-section-boxed elementor-section-height-default elementor-section-height-default\" data-id=\"a5a63ff\" data-element_type=\"section\" data-settings=\"{\">\n<div class=\"elementor-container elementor-column-gap-default\">\n<div class=\"elementor-column elementor-col-100 elementor-top-column elementor-element elementor-element-a5a6a4e\" data-id=\"a5a6a4e\" data-element_type=\"column\">\n<div class=\"elementor-widget-wrap elementor-element-populated\">\n<div class=\"elementor-element elementor-element-a5a6ffa extra-footer elementor-widget elementor-widget-vc_cta\" data-id=\"a5a6ffa\" data-element_type=\"widget\" data-widget_type=\"vc_cta.default\">\n<div class=\"elementor-widget-container\">\n<div id=\"\" class=\"ce_cta ce_cta_e7dd3e995394fa7ded6593dd7967b861 ce_text_left third_bg_color add_button_right btn_align_right btn_button_block_ btn_has_icon btn_has_icon_on_the_right\">\n<div class=\"ce_cta__content\">\n<div class=\"ce_cta__content__header\">\n<h2 class=\"ce_cta__content__title\">Poszukujesz najlepszego Partnera w dostawach komponent\u00f3w elektronicznych?<\/h2>\n<\/div>\n<\/div>\n<div class=\"ce_cta__action\"><a class=\"button dowiedz-btn\" href=\"\/index.php\/contact\" target=\"_self\" rel=\"noopener\">Kontakt<i class=\"fa fa-chevron-right\"><\/i><\/a><\/div>\n<\/div>\n<\/div>\n<\/div>\n<\/div>\n<\/div>\n<\/div>\n<\/section>\n\t\t\t\t\t\t<\/div>\n\t\t\t\t<\/div>\n\t\t\t\t\t<\/div>\n\t\t<\/div>\n\t\t\t\t\t<\/div>\n\t\t<\/section>\n\t\t\t\t<\/div>","protected":false},"excerpt":{"rendered":"<p>ECEE \u2013 Consignment Sales Program The Consignment Program is the most effective way to sell excess inventory that you possess. With minimal effort and investment, you generate maximum profits. In this process, globally recognized concepts and logistic solutions proposed by ECEE are utilized. We take over surplus stocks as consigned goods and sell them with<\/p>","protected":false},"author":4,"featured_media":0,"parent":0,"menu_order":0,"comment_status":"closed","ping_status":"closed","template":"","meta":{"inline_featured_image":false,"footnotes":""},"class_list":["post-10302","page","type-page","status-publish","hentry"],"_links":{"self":[{"href":"https:\/\/ec-ee.pl\/pl\/wp-json\/wp\/v2\/pages\/10302","targetHints":{"allow":["GET"]}}],"collection":[{"href":"https:\/\/ec-ee.pl\/pl\/wp-json\/wp\/v2\/pages"}],"about":[{"href":"https:\/\/ec-ee.pl\/pl\/wp-json\/wp\/v2\/types\/page"}],"author":[{"embeddable":true,"href":"https:\/\/ec-ee.pl\/pl\/wp-json\/wp\/v2\/users\/4"}],"replies":[{"embeddable":true,"href":"https:\/\/ec-ee.pl\/pl\/wp-json\/wp\/v2\/comments?post=10302"}],"version-history":[{"count":16,"href":"https:\/\/ec-ee.pl\/pl\/wp-json\/wp\/v2\/pages\/10302\/revisions"}],"predecessor-version":[{"id":10592,"href":"https:\/\/ec-ee.pl\/pl\/wp-json\/wp\/v2\/pages\/10302\/revisions\/10592"}],"wp:attachment":[{"href":"https:\/\/ec-ee.pl\/pl\/wp-json\/wp\/v2\/media?parent=10302"}],"curies":[{"name":"wp","href":"https:\/\/api.w.org\/{rel}","templated":true}]}}