{"id":10316,"date":"2024-01-29T14:55:00","date_gmt":"2024-01-29T13:55:00","guid":{"rendered":"http:\/\/ec-ee.pl\/?page_id=10316"},"modified":"2024-02-01T11:22:57","modified_gmt":"2024-02-01T10:22:57","slug":"global-procurement-and-sales-of-components","status":"publish","type":"page","link":"https:\/\/ec-ee.pl\/pl\/global-procurement-and-sales-of-components\/","title":{"rendered":"Globalne pozyskiwanie i sprzeda\u017c komponent\u00f3w"},"content":{"rendered":"<div data-elementor-type=\"wp-page\" data-elementor-id=\"10316\" class=\"elementor elementor-10316\">\n\t\t\t\t\t\t<section class=\"elementor-section elementor-top-section elementor-element elementor-element-2872fd7e elementor-section-boxed elementor-section-height-default elementor-section-height-default\" data-id=\"2872fd7e\" data-element_type=\"section\">\n\t\t\t\t\t\t<div class=\"elementor-container elementor-column-gap-default\">\n\t\t\t\t\t<div class=\"elementor-column elementor-col-100 elementor-top-column elementor-element elementor-element-13feb0b5\" data-id=\"13feb0b5\" data-element_type=\"column\">\n\t\t\t<div class=\"elementor-widget-wrap elementor-element-populated\">\n\t\t\t\t\t\t<div class=\"elementor-element elementor-element-60d46a4f elementor-widget elementor-widget-text-editor\" data-id=\"60d46a4f\" data-element_type=\"widget\" data-widget_type=\"text-editor.default\">\n\t\t\t\t<div class=\"elementor-widget-container\">\n\t\t\t<style>\/*! elementor - v3.19.0 - 29-01-2024 *\/\n.elementor-widget-text-editor.elementor-drop-cap-view-stacked .elementor-drop-cap{background-color:#69727d;color:#fff}.elementor-widget-text-editor.elementor-drop-cap-view-framed .elementor-drop-cap{color:#69727d;border:3px solid;background-color:transparent}.elementor-widget-text-editor:not(.elementor-drop-cap-view-default) .elementor-drop-cap{margin-top:8px}.elementor-widget-text-editor:not(.elementor-drop-cap-view-default) .elementor-drop-cap-letter{width:1em;height:1em}.elementor-widget-text-editor .elementor-drop-cap{float:left;text-align:center;line-height:1;font-size:50px}.elementor-widget-text-editor .elementor-drop-cap-letter{display:inline-block}<\/style>\t\t\t\t<p><b>ECEE Excess Group<\/b><\/p>\n<p><b>Program sprzeda\u017cy nadwy\u017cki zapas\u00f3w<\/b><\/p>\n<p>Zalety i korzy\u015bci p\u0142yn\u0105ce z naszej globalnej sieci, s\u0105 kluczowe dla naszych Klient\u00f3w z racji rzetelnego, szybkiego i niezw\u0142ocznego wprowadzania na rynek oraz sprzeda\u017cy zalegaj\u0105cych nadwy\u017cek magazynowych. ECEE nie ogranicza si\u0119 jedynie do regionalnych i krajowych rynk\u00f3w zbytu w procesie sprzeda\u017cy, ale od samego pocz\u0105tku swojej dzia\u0142alno\u015bci wkracza na rynek globalny. Oferujemy liczne, skuteczne, alternatywne modele sprzeda\u017cy, rozwi\u0105zania logistyczne i koncepcje \u015bwiadczenia us\u0142ug. Mog\u0105 Pa\u0144stwo skorzysta\u0107 z naszego sprawdzonego Programu Komisowego, kt\u00f3rego efektywno\u015b\u0107, zalety i korzy\u015bci zosta\u0142y wielokrotnie potwierdzone w realnych operacjach rynkowych. Nasi zadowoleni Klienci potwierdzaj\u0105, \u017ce bez wzgl\u0119du na formu\u0142\u0119 wsp\u00f3\u0142pracy z nami, zakresu prowadzonych dzia\u0142a\u0144 w ramach zarz\u0105dzania i sposobu wprowadzania na rynek nadwy\u017cek towaru, z ECEE jeste\u015bcie zawsze bezpieczni.<\/p>\n<p>&nbsp;<\/p>\n<p><b>ECEE Procurement Group<\/b><\/p>\n<p><b>Globalne \u017ar\u00f3d\u0142a zaopatrzenia<\/b><\/p>\n<p>ECEE globalnie zarz\u0105dza sprzeda\u017c\u0105 i sieci\u0105 zam\u00f3wie\u0144 poprzez sp\u00f3\u0142ki zale\u017cne, filie, wsp\u00f3\u0142prac\u0119 z Partnerami, przedstawicielami i pe\u0142nomocnikami w r\u00f3\u017cnych rejonach \u015bwiata, m.in. w Europie, Stanach Zjednoczonych i Azji. Nasi Partnerzy kontaktuj\u0105 si\u0119 ze sob\u0105 w czasie rzeczywistym, co oznacza, i\u017c wszystkie wa\u017cne informacje udost\u0119pniane s\u0105 w czasie rzeczywistym.<\/p>\n<p>Globalna sie\u0107 kontakt\u00f3w i wsp\u00f3\u0142pracy partnerskiej ma ogromne znaczenie dla specyficznych zam\u00f3wie\u0144 i sprzeda\u017cy komponent\u00f3w. Je\u015bli poszukujecie Pa\u0144stwo trudno dost\u0119pnych element\u00f3w lub wycofanych z produkcji, ECEE ma mo\u017cliwo\u015b\u0107 przeszukania dla Was rynku \u015bwiatowego w celu dostarczenia po\u017c\u0105danego towaru.<\/p>\n\t\t\t\t\t\t<\/div>\n\t\t\t\t<\/div>\n\t\t\t\t\t<\/div>\n\t\t<\/div>\n\t\t\t\t\t<\/div>\n\t\t<\/section>\n\t\t\t\t<section class=\"elementor-section elementor-top-section elementor-element elementor-element-ac48393 elementor-section-boxed elementor-section-height-default elementor-section-height-default\" data-id=\"ac48393\" data-element_type=\"section\">\n\t\t\t\t\t\t<div class=\"elementor-container elementor-column-gap-default\">\n\t\t\t\t\t<div class=\"elementor-column elementor-col-100 elementor-top-column elementor-element elementor-element-7711e56\" data-id=\"7711e56\" data-element_type=\"column\">\n\t\t\t<div class=\"elementor-widget-wrap elementor-element-populated\">\n\t\t\t\t\t\t<div class=\"elementor-element elementor-element-61c3140 elementor-widget elementor-widget-spacer\" data-id=\"61c3140\" data-element_type=\"widget\" data-widget_type=\"spacer.default\">\n\t\t\t\t<div class=\"elementor-widget-container\">\n\t\t\t<style>\/*! elementor - v3.19.0 - 29-01-2024 *\/\n.elementor-column .elementor-spacer-inner{height:var(--spacer-size)}.e-con{--container-widget-width:100%}.e-con-inner>.elementor-widget-spacer,.e-con>.elementor-widget-spacer{width:var(--container-widget-width,var(--spacer-size));--align-self:var(--container-widget-align-self,initial);--flex-shrink:0}.e-con-inner>.elementor-widget-spacer>.elementor-widget-container,.e-con>.elementor-widget-spacer>.elementor-widget-container{height:100%;width:100%}.e-con-inner>.elementor-widget-spacer>.elementor-widget-container>.elementor-spacer,.e-con>.elementor-widget-spacer>.elementor-widget-container>.elementor-spacer{height:100%}.e-con-inner>.elementor-widget-spacer>.elementor-widget-container>.elementor-spacer>.elementor-spacer-inner,.e-con>.elementor-widget-spacer>.elementor-widget-container>.elementor-spacer>.elementor-spacer-inner{height:var(--container-widget-height,var(--spacer-size))}.e-con-inner>.elementor-widget-spacer.elementor-widget-empty,.e-con>.elementor-widget-spacer.elementor-widget-empty{position:relative;min-height:22px;min-width:22px}.e-con-inner>.elementor-widget-spacer.elementor-widget-empty .elementor-widget-empty-icon,.e-con>.elementor-widget-spacer.elementor-widget-empty .elementor-widget-empty-icon{position:absolute;top:0;bottom:0;left:0;right:0;margin:auto;padding:0;width:22px;height:22px}<\/style>\t\t<div class=\"elementor-spacer\">\n\t\t\t<div class=\"elementor-spacer-inner\"><\/div>\n\t\t<\/div>\n\t\t\t\t<\/div>\n\t\t\t\t<\/div>\n\t\t\t\t\t<\/div>\n\t\t<\/div>\n\t\t\t\t\t<\/div>\n\t\t<\/section>\n\t\t\t\t<section class=\"elementor-section elementor-top-section elementor-element elementor-element-5d41f585 third_bg_color elementor-section-boxed elementor-section-height-default elementor-section-height-default\" data-id=\"5d41f585\" data-element_type=\"section\" data-settings=\"{&quot;background_background&quot;:&quot;classic&quot;}\">\n\t\t\t\t\t\t<div class=\"elementor-container elementor-column-gap-default\">\n\t\t\t\t\t<div class=\"elementor-column elementor-col-100 elementor-top-column elementor-element elementor-element-6fccc535\" data-id=\"6fccc535\" data-element_type=\"column\" data-settings=\"{&quot;background_background&quot;:&quot;classic&quot;}\">\n\t\t\t<div class=\"elementor-widget-wrap elementor-element-populated\">\n\t\t\t\t\t\t<div class=\"elementor-element elementor-element-715cde6b elementor-widget elementor-widget-text-editor\" data-id=\"715cde6b\" data-element_type=\"widget\" data-widget_type=\"text-editor.default\">\n\t\t\t\t<div class=\"elementor-widget-container\">\n\t\t\t\t\t\t\t<section class=\"elementor-section elementor-top-section elementor-element elementor-element-a5a63ff third_bg_color elementor-section-boxed elementor-section-height-default elementor-section-height-default\" data-id=\"a5a63ff\" data-element_type=\"section\" data-settings=\"{\">\n<div class=\"elementor-container elementor-column-gap-default\">\n<div class=\"elementor-column elementor-col-100 elementor-top-column elementor-element elementor-element-a5a6a4e\" data-id=\"a5a6a4e\" data-element_type=\"column\">\n<div class=\"elementor-widget-wrap elementor-element-populated\">\n<div class=\"elementor-element elementor-element-a5a6ffa extra-footer elementor-widget elementor-widget-vc_cta\" data-id=\"a5a6ffa\" data-element_type=\"widget\" data-widget_type=\"vc_cta.default\">\n<div class=\"elementor-widget-container\">\n<div id=\"\" class=\"ce_cta ce_cta_e7dd3e995394fa7ded6593dd7967b861 ce_text_left third_bg_color add_button_right btn_align_right btn_button_block_ btn_has_icon btn_has_icon_on_the_right\">\n<div class=\"ce_cta__content\">\n<div class=\"ce_cta__content__header\">\n<h2 class=\"ce_cta__content__title\">Poszukujesz najlepszego Partnera w dostawach komponent\u00f3w elektronicznych?<\/h2>\n<\/div>\n<\/div>\n<div class=\"ce_cta__action\"><a class=\"button dowiedz-btn\" href=\"\/index.php\/contact\" target=\"_self\" rel=\"noopener\">Kontakt<i class=\"fa fa-chevron-right\"><\/i><\/a><\/div>\n<\/div>\n<\/div>\n<\/div>\n<\/div>\n<\/div>\n<\/div>\n<\/section>\n\t\t\t\t\t\t<\/div>\n\t\t\t\t<\/div>\n\t\t\t\t\t<\/div>\n\t\t<\/div>\n\t\t\t\t\t<\/div>\n\t\t<\/section>\n\t\t\t\t<\/div>","protected":false},"excerpt":{"rendered":"<p>ECEE Excess Group Excess Inventory Sales Program The advantages and benefits stemming from our global network are crucial for our Clients due to the honest, prompt, and swift market introduction and sale of lingering surplus stocks. ECEE does not confine itself to regional or national sales markets during the selling process; right from its inception,<\/p>","protected":false},"author":4,"featured_media":0,"parent":0,"menu_order":2,"comment_status":"closed","ping_status":"closed","template":"","meta":{"inline_featured_image":false,"footnotes":""},"class_list":["post-10316","page","type-page","status-publish","hentry"],"_links":{"self":[{"href":"https:\/\/ec-ee.pl\/pl\/wp-json\/wp\/v2\/pages\/10316","targetHints":{"allow":["GET"]}}],"collection":[{"href":"https:\/\/ec-ee.pl\/pl\/wp-json\/wp\/v2\/pages"}],"about":[{"href":"https:\/\/ec-ee.pl\/pl\/wp-json\/wp\/v2\/types\/page"}],"author":[{"embeddable":true,"href":"https:\/\/ec-ee.pl\/pl\/wp-json\/wp\/v2\/users\/4"}],"replies":[{"embeddable":true,"href":"https:\/\/ec-ee.pl\/pl\/wp-json\/wp\/v2\/comments?post=10316"}],"version-history":[{"count":9,"href":"https:\/\/ec-ee.pl\/pl\/wp-json\/wp\/v2\/pages\/10316\/revisions"}],"predecessor-version":[{"id":10589,"href":"https:\/\/ec-ee.pl\/pl\/wp-json\/wp\/v2\/pages\/10316\/revisions\/10589"}],"wp:attachment":[{"href":"https:\/\/ec-ee.pl\/pl\/wp-json\/wp\/v2\/media?parent=10316"}],"curies":[{"name":"wp","href":"https:\/\/api.w.org\/{rel}","templated":true}]}}