{"id":10327,"date":"2024-01-29T15:29:44","date_gmt":"2024-01-29T14:29:44","guid":{"rendered":"http:\/\/ec-ee.pl\/?page_id=10327"},"modified":"2024-02-01T11:54:34","modified_gmt":"2024-02-01T10:54:34","slug":"products-and-services","status":"publish","type":"page","link":"https:\/\/ec-ee.pl\/pl\/products-and-services\/","title":{"rendered":"Produkty i us\u0142ugi"},"content":{"rendered":"<div data-elementor-type=\"wp-post\" data-elementor-id=\"10327\" class=\"elementor elementor-10327\">\n\t\t\t\t\t\t<section class=\"elementor-section elementor-top-section elementor-element elementor-element-5d303bfb elementor-section-boxed elementor-section-height-default elementor-section-height-default\" data-id=\"5d303bfb\" data-element_type=\"section\">\n\t\t\t\t\t\t<div class=\"elementor-container elementor-column-gap-default\">\n\t\t\t\t\t<div class=\"elementor-column elementor-col-100 elementor-top-column elementor-element elementor-element-13edee68\" data-id=\"13edee68\" data-element_type=\"column\">\n\t\t\t<div class=\"elementor-widget-wrap elementor-element-populated\">\n\t\t\t\t\t\t<div class=\"elementor-element elementor-element-60a59ad0 elementor-widget elementor-widget-text-editor\" data-id=\"60a59ad0\" data-element_type=\"widget\" data-widget_type=\"text-editor.default\">\n\t\t\t\t<div class=\"elementor-widget-container\">\n\t\t\t<style>\/*! elementor - v3.19.0 - 29-01-2024 *\/\n.elementor-widget-text-editor.elementor-drop-cap-view-stacked .elementor-drop-cap{background-color:#69727d;color:#fff}.elementor-widget-text-editor.elementor-drop-cap-view-framed .elementor-drop-cap{color:#69727d;border:3px solid;background-color:transparent}.elementor-widget-text-editor:not(.elementor-drop-cap-view-default) .elementor-drop-cap{margin-top:8px}.elementor-widget-text-editor:not(.elementor-drop-cap-view-default) .elementor-drop-cap-letter{width:1em;height:1em}.elementor-widget-text-editor .elementor-drop-cap{float:left;text-align:center;line-height:1;font-size:50px}.elementor-widget-text-editor .elementor-drop-cap-letter{display:inline-block}<\/style>\t\t\t\t<p><b>S\u0142uszny wyb\u00f3r globalnej obs\u0142ugi, profesjonalne rozwi\u0105zania i wysokiej jako\u015bci komponenty elektroniczne!<\/b><\/p>\n<p>ECEE jest niezawodnym partnerem dla swoich Klient\u00f3w od wielu lat. Bior\u0105c pod uwag\u0119 profesjonalne zaopatrzenie w skali globalnej oraz zarz\u0105dzanie \u0142a\u0144cuchem dostaw, jeste\u015bmy dla Pa\u0144stwa najlepszym wyborem spo\u015br\u00f3d wszystkich dostawc\u00f3w!<\/p>\n<p>Nasze po\u015bwi\u0119cenie wyspecjalizowanym zam\u00f3wieniom, us\u0142ugom i rozwi\u0105zaniom sprzeda\u017cowym, po\u0142\u0105czone z globaln\u0105 sieci\u0105 jednostek zale\u017cnych i filii, stawia ECEE na wiod\u0105cym miejscu w\u015br\u00f3d dystrybutor\u00f3w i dostawc\u00f3w na rynku europejskim. ECEE dzia\u0142a zgodnie z najwy\u017cszymi standardami; wszystkie procesy sprzeda\u017cowe i logistyczne certyfikowane s\u0105 wg norm zarz\u0105dzania jako\u015bci\u0105 ISO9001:2008.<\/p>\n<p>Naszymi Klientami s\u0105 g\u0142\u00f3wni mi\u0119dzynarodowi producenci oryginalnego sprz\u0119tu (producenci OEM) oraz producenci sprz\u0119tu na zlecenie (CEM), nale\u017c\u0105cy do takich obszar\u00f3w przemys\u0142u, jak elektronika u\u017cytkowa, motoryzacja, elektronika i telekomunikacja. Ponadto, zajmujemy si\u0119 r\u00f3wnie\u017c bezpo\u015bredni\u0105 obs\u0142ug\u0105 przedsi\u0119biorstw handlowych, po\u015brednik\u00f3w, autoryzowanych dystrybutor\u00f3w i producent\u00f3w.<\/p>\n<p>Nasi Klienci ceni\u0105 nas za rzetelno\u015b\u0107 w dostarczaniu wysokiej jako\u015bci komponent\u00f3w za ka\u017cdym razem w odpowiednim czasie. Z tym samym zaanga\u017cowaniem podchodzimy r\u00f3wnie\u017c do gospodarowania oraz wprowadzania na rynek nadwy\u017cek towarowych i element\u00f3w wycofanych z produkcji.<\/p>\n<p>Nasi Klienci maj\u0105 szczeg\u00f3lne wymagania co do jako\u015bci, wydajno\u015bci, dost\u0119pno\u015bci, transportu i logistyki.\nW magazynie centralnym ECEE we Fryburgu dost\u0119pnych jest ponad 10.000 zr\u00f3\u017cnicowanych element\u00f3w. Oferta ECEE obejmuje zar\u00f3wno produkty najnowszych technologii, jak i wycofane z produkcji oraz trudno dost\u0119pne na rynku komponenty. Nasi Klienci maj\u0105 bezpo\u015bredni dost\u0119p do ponad 500 milion\u00f3w komponent\u00f3w online!<\/p>\n<p>Sta\u0142y dost\u0119p do zapas\u00f3w, w po\u0142\u0105czeniu z rozbudowanym systemem magazynowym i logistycznym, gwarantuje kr\u00f3tkie terminy dostaw oraz szybki czas reakcji i odpowiedzi na wszelkie zapytania. Posiadamy w\u0142asn\u0105 flot\u0119 samochod\u00f3w dostawczych oraz wsp\u00f3\u0142pracujemy z najwi\u0119kszymi mi\u0119dzynarodowymi firmami kurierskimi, spedytorskimi i transportowymi. Blisko\u015b\u0107 lotniska we Frankfurcie i Bazylei zapewnia bardzo szybk\u0105 dostaw\u0119, tak\u017ce nast\u0119pnego dnia, do prawie ka\u017cdego miejsca na \u015bwiecie.<\/p>\n<p>Magazyn ECEE zarz\u0105dzany jest zgodnie z najwy\u017cszej jako\u015bci procedurami i wytycznymi. Naszym Klientom oferujemy komponenty w oryginalnych opakowaniach, z gwarancj\u0105 jako\u015bci, spe\u0142niaj\u0105ce nowoczesne kryteria zarz\u0105dzania jako\u015bci\u0105 oraz certyfikowane i elastyczne procesy test\u00f3w i obs\u0142ugi. Szczeg\u00f3ln\u0105 uwag\u0119 przywi\u0105zujemy do zapewnienia optymalnych i bezpiecznych warunk\u00f3w podczas sprawdzania, testowania i przechowywania produkt\u00f3w. Przechowywanie w warunkach zgodnych z dyrektyw\u0105 w sprawie us\u0142ug energetycznych (DUE) oraz ostro\u017cne post\u0119powanie z towarami wysoce wra\u017cliwymi jest w naszej firmie spraw\u0105 oczywist\u0105 i najwy\u017cszej wagi.<\/p>\n<p>Z powodzeniem zajmujemy si\u0119 r\u00f3wnie\u017c nadwy\u017ckami zapas\u00f3w, kt\u00f3re zalegaj\u0105 w Pa\u0144stwa magazynach. Posiadamy w\u0142asny magazyn przeznaczony dla towar\u00f3w komisowych, gdzie poddane segregacji towary przechowywane s\u0105 w bezpiecznych warunkach, a nasi handlowcy pracuj\u0105 nad ich sprzeda\u017c\u0105 z zyskiem dla Pa\u0144stwa. ECEE dzia\u0142a globalnie i nieustannie, 24h na dob\u0119. Podczas gdy Klient \u015bpi, zespo\u0142y sprzeda\u017cowe ECEE na ca\u0142ym \u015bwiecie prowadz\u0105 negocjacje i zawi\u0105zuj\u0105 transakcje sprzeda\u017cy jego towar\u00f3w i produkt\u00f3w!<\/p>\n\t\t\t\t\t\t<\/div>\n\t\t\t\t<\/div>\n\t\t\t\t<div class=\"elementor-element elementor-element-b15d459 elementor-widget elementor-widget-spacer\" data-id=\"b15d459\" data-element_type=\"widget\" data-widget_type=\"spacer.default\">\n\t\t\t\t<div class=\"elementor-widget-container\">\n\t\t\t<style>\/*! elementor - v3.19.0 - 29-01-2024 *\/\n.elementor-column .elementor-spacer-inner{height:var(--spacer-size)}.e-con{--container-widget-width:100%}.e-con-inner>.elementor-widget-spacer,.e-con>.elementor-widget-spacer{width:var(--container-widget-width,var(--spacer-size));--align-self:var(--container-widget-align-self,initial);--flex-shrink:0}.e-con-inner>.elementor-widget-spacer>.elementor-widget-container,.e-con>.elementor-widget-spacer>.elementor-widget-container{height:100%;width:100%}.e-con-inner>.elementor-widget-spacer>.elementor-widget-container>.elementor-spacer,.e-con>.elementor-widget-spacer>.elementor-widget-container>.elementor-spacer{height:100%}.e-con-inner>.elementor-widget-spacer>.elementor-widget-container>.elementor-spacer>.elementor-spacer-inner,.e-con>.elementor-widget-spacer>.elementor-widget-container>.elementor-spacer>.elementor-spacer-inner{height:var(--container-widget-height,var(--spacer-size))}.e-con-inner>.elementor-widget-spacer.elementor-widget-empty,.e-con>.elementor-widget-spacer.elementor-widget-empty{position:relative;min-height:22px;min-width:22px}.e-con-inner>.elementor-widget-spacer.elementor-widget-empty .elementor-widget-empty-icon,.e-con>.elementor-widget-spacer.elementor-widget-empty .elementor-widget-empty-icon{position:absolute;top:0;bottom:0;left:0;right:0;margin:auto;padding:0;width:22px;height:22px}<\/style>\t\t<div class=\"elementor-spacer\">\n\t\t\t<div class=\"elementor-spacer-inner\"><\/div>\n\t\t<\/div>\n\t\t\t\t<\/div>\n\t\t\t\t<\/div>\n\t\t\t\t\t<\/div>\n\t\t<\/div>\n\t\t\t\t\t<\/div>\n\t\t<\/section>\n\t\t\t\t<section class=\"elementor-section elementor-top-section elementor-element elementor-element-566fc1b third_bg_color elementor-section-boxed elementor-section-height-default elementor-section-height-default\" data-id=\"566fc1b\" data-element_type=\"section\" data-settings=\"{&quot;background_background&quot;:&quot;classic&quot;}\">\n\t\t\t\t\t\t<div class=\"elementor-container elementor-column-gap-default\">\n\t\t\t\t\t<div class=\"elementor-column elementor-col-100 elementor-top-column elementor-element elementor-element-299d1c06\" data-id=\"299d1c06\" data-element_type=\"column\" data-settings=\"{&quot;background_background&quot;:&quot;classic&quot;}\">\n\t\t\t<div class=\"elementor-widget-wrap elementor-element-populated\">\n\t\t\t\t\t\t<div class=\"elementor-element elementor-element-185f9221 elementor-widget elementor-widget-text-editor\" data-id=\"185f9221\" data-element_type=\"widget\" data-widget_type=\"text-editor.default\">\n\t\t\t\t<div class=\"elementor-widget-container\">\n\t\t\t\t\t\t\t<section class=\"elementor-section elementor-top-section elementor-element elementor-element-a5a63ff third_bg_color elementor-section-boxed elementor-section-height-default elementor-section-height-default\" data-id=\"a5a63ff\" data-element_type=\"section\" data-settings=\"{\">\n<div class=\"elementor-container elementor-column-gap-default\">\n<div class=\"elementor-column elementor-col-100 elementor-top-column elementor-element elementor-element-a5a6a4e\" data-id=\"a5a6a4e\" data-element_type=\"column\">\n<div class=\"elementor-widget-wrap elementor-element-populated\">\n<div class=\"elementor-element elementor-element-a5a6ffa extra-footer elementor-widget elementor-widget-vc_cta\" data-id=\"a5a6ffa\" data-element_type=\"widget\" data-widget_type=\"vc_cta.default\">\n<div class=\"elementor-widget-container\">\n<div id=\"\" class=\"ce_cta ce_cta_e7dd3e995394fa7ded6593dd7967b861 ce_text_left third_bg_color add_button_right btn_align_right btn_button_block_ btn_has_icon btn_has_icon_on_the_right\">\n<div class=\"ce_cta__content\">\n<div class=\"ce_cta__content__header\">\n<h2 class=\"ce_cta__content__title\">Poszukujesz najlepszego Partnera w dostawach komponent\u00f3w elektronicznych?<\/h2>\n<\/div>\n<\/div>\n<div class=\"ce_cta__action\"><a class=\"button dowiedz-btn\" href=\"\/index.php\/contact\" target=\"_self\" rel=\"noopener\">Kontakt<i class=\"fa fa-chevron-right\"><\/i><\/a><\/div>\n<\/div>\n<\/div>\n<\/div>\n<\/div>\n<\/div>\n<\/div>\n<\/section>\n\t\t\t\t\t\t<\/div>\n\t\t\t\t<\/div>\n\t\t\t\t\t<\/div>\n\t\t<\/div>\n\t\t\t\t\t<\/div>\n\t\t<\/section>\n\t\t\t\t<\/div>","protected":false},"excerpt":{"rendered":"<p>A sound choice for global support, professional solutions, and high-quality electronic components! ECEE has been a reliable Partner for its Clients for many, many years. Considering professional global procurement and supply chain management, we are your best choice among all suppliers! Our dedication to specialized orders, services, and sales solutions, coupled with a global network<\/p>","protected":false},"author":4,"featured_media":0,"parent":0,"menu_order":3,"comment_status":"closed","ping_status":"closed","template":"","meta":{"inline_featured_image":false,"footnotes":""},"class_list":["post-10327","page","type-page","status-publish","hentry"],"_links":{"self":[{"href":"https:\/\/ec-ee.pl\/pl\/wp-json\/wp\/v2\/pages\/10327","targetHints":{"allow":["GET"]}}],"collection":[{"href":"https:\/\/ec-ee.pl\/pl\/wp-json\/wp\/v2\/pages"}],"about":[{"href":"https:\/\/ec-ee.pl\/pl\/wp-json\/wp\/v2\/types\/page"}],"author":[{"embeddable":true,"href":"https:\/\/ec-ee.pl\/pl\/wp-json\/wp\/v2\/users\/4"}],"replies":[{"embeddable":true,"href":"https:\/\/ec-ee.pl\/pl\/wp-json\/wp\/v2\/comments?post=10327"}],"version-history":[{"count":14,"href":"https:\/\/ec-ee.pl\/pl\/wp-json\/wp\/v2\/pages\/10327\/revisions"}],"predecessor-version":[{"id":10606,"href":"https:\/\/ec-ee.pl\/pl\/wp-json\/wp\/v2\/pages\/10327\/revisions\/10606"}],"wp:attachment":[{"href":"https:\/\/ec-ee.pl\/pl\/wp-json\/wp\/v2\/media?parent=10327"}],"curies":[{"name":"wp","href":"https:\/\/api.w.org\/{rel}","templated":true}]}}