{"id":7003,"date":"2015-12-15T07:37:48","date_gmt":"2015-12-15T07:37:48","guid":{"rendered":"http:\/\/consultall.stm\/?page_id=11"},"modified":"2024-02-01T06:07:35","modified_gmt":"2024-02-01T05:07:35","slug":"contact","status":"publish","type":"page","link":"https:\/\/ec-ee.pl\/pl\/contact\/","title":{"rendered":"Kontakt"},"content":{"rendered":"<div data-elementor-type=\"wp-page\" data-elementor-id=\"7003\" class=\"elementor elementor-7003\">\n\t\t\t\t\t\t<section class=\"elementor-section elementor-top-section elementor-element elementor-element-a5911e5 elementor-section-boxed elementor-section-height-default elementor-section-height-default\" data-id=\"a5911e5\" data-element_type=\"section\" data-settings=\"{&quot;background_background&quot;:&quot;classic&quot;}\">\n\t\t\t\t\t\t<div class=\"elementor-container elementor-column-gap-default\">\n\t\t\t\t\t<div class=\"elementor-column elementor-col-100 elementor-top-column elementor-element elementor-element-a591a49\" data-id=\"a591a49\" data-element_type=\"column\">\n\t\t\t<div class=\"elementor-widget-wrap elementor-element-populated\">\n\t\t\t\t\t\t<section class=\"elementor-section elementor-inner-section elementor-element elementor-element-3fbf6dd elementor-section-full_width elementor-section-height-default elementor-section-height-default\" data-id=\"3fbf6dd\" data-element_type=\"section\">\n\t\t\t\t\t\t<div class=\"elementor-container elementor-column-gap-no\">\n\t\t\t\t\t<div class=\"elementor-column elementor-col-50 elementor-inner-column elementor-element elementor-element-55d0287 kwadrat-kontakt\" data-id=\"55d0287\" data-element_type=\"column\">\n\t\t\t<div class=\"elementor-widget-wrap elementor-element-populated\">\n\t\t\t\t\t\t<div class=\"elementor-element elementor-element-db72549 elementor-widget elementor-widget-text-editor\" data-id=\"db72549\" data-element_type=\"widget\" data-widget_type=\"text-editor.default\">\n\t\t\t\t<div class=\"elementor-widget-container\">\n\t\t\t<style>\/*! elementor - v3.19.0 - 29-01-2024 *\/\n.elementor-widget-text-editor.elementor-drop-cap-view-stacked .elementor-drop-cap{background-color:#69727d;color:#fff}.elementor-widget-text-editor.elementor-drop-cap-view-framed .elementor-drop-cap{color:#69727d;border:3px solid;background-color:transparent}.elementor-widget-text-editor:not(.elementor-drop-cap-view-default) .elementor-drop-cap{margin-top:8px}.elementor-widget-text-editor:not(.elementor-drop-cap-view-default) .elementor-drop-cap-letter{width:1em;height:1em}.elementor-widget-text-editor .elementor-drop-cap{float:left;text-align:center;line-height:1;font-size:50px}.elementor-widget-text-editor .elementor-drop-cap-letter{display:inline-block}<\/style>\t\t\t\t<p><b>Dzia\u0142alno\u015b\u0107 gospodarcza<\/b><\/p>\n<p>Zaopatrzenie w skali \u015bwiatowej oraz wprowadzanie na rynek aktywnych i biernych element\u00f3w, komponent\u00f3w elektromechanicznych, podzespo\u0142\u00f3w optoelektronicznych i no\u015bnik\u00f3w danych. W ofercie posiadamy zar\u00f3wno produkty standardowe, jak i trudne do zdobycia lub wycofane z produkcji.<\/p>\n<p><b>Klienci (skup i sprzeda\u017c)<\/b><\/p>\n<p>Pracujemy dla krajowych i mi\u0119dzynarodowych Klient\u00f3w z r\u00f3\u017cnych bran\u017c, w tym: telekomunikacji, motoryzacji, elektroniki u\u017cytkowej, technologii zabezpiecze\u0144, technologii nap\u0119dowej, automatyzacji i technologii medycznej dla przedsi\u0119biorstw detalicznych i po\u015brednik\u00f3w, jak r\u00f3wnie\u017c producent\u00f3w sprz\u0119tu (OEM) i na specjalne zlecenia (CEM).<\/p>\n<p><b>Sp\u00f3\u0142ki zale\u017cne i reprezentacyjne<\/b><\/p>\n<p>Europa: Polska, Niemcy, Bu\u0142garia, W\u0119gry; Ameryka P\u00f3\u0142nocna: USA; Azja: Chiny, Hong Kong.<\/p>\n<p><b>Rodzaj \/ forma przedsi\u0119biorstwa<\/b><\/p>\n<p>Sp\u00f3\u0142ka z ograniczon\u0105 odpowiedzialno\u015bci\u0105<\/p>\n<p><b>Magazyn \/ Dost\u0119pno\u015b\u0107 towaru<\/b><\/p>\n<p>10 000 szt. r\u00f3\u017cnego asortymentu,500 milion\u00f3w komponent\u00f3w; przechowywane w antystatycznym \u015brodowisku.<\/p>\n<p><b>Certyfikaty<\/b><\/p>\n<p>ISO9001:2008<\/p>\n\t\t\t\t\t\t<\/div>\n\t\t\t\t<\/div>\n\t\t\t\t\t<\/div>\n\t\t<\/div>\n\t\t\t\t<div class=\"elementor-column elementor-col-50 elementor-inner-column elementor-element elementor-element-efabeb8\" data-id=\"efabeb8\" data-element_type=\"column\">\n\t\t\t<div class=\"elementor-widget-wrap elementor-element-populated\">\n\t\t\t\t\t\t<div class=\"elementor-element elementor-element-a595ae8 elementor-widget elementor-widget-google_maps\" data-id=\"a595ae8\" data-element_type=\"widget\" data-widget_type=\"google_maps.default\">\n\t\t\t\t<div class=\"elementor-widget-container\">\n\t\t\t<style>\/*! elementor - v3.19.0 - 29-01-2024 *\/\n.elementor-widget-google_maps .elementor-widget-container{overflow:hidden}.elementor-widget-google_maps .elementor-custom-embed{line-height:0}.elementor-widget-google_maps iframe{height:300px}<\/style>\t\t<div class=\"elementor-custom-embed\">\n\t\t\t<iframe loading=\"lazy\"\n\t\t\t\t\tsrc=\"https:\/\/maps.google.com\/maps?q=Gewerbestra%C3%9Fe%202%2C%2079285%20Ebringen%20Germany&#038;t=m&#038;z=12&#038;output=embed&#038;iwloc=near\"\n\t\t\t\t\ttitle=\"Gewerbestra\u00dfe 2, 79285 Ebringen Niemcy\"\n\t\t\t\t\taria-label=\"Gewerbestra\u00dfe 2, 79285 Ebringen Niemcy\"\n\t\t\t><\/iframe>\n\t\t<\/div>\n\t\t\t\t<\/div>\n\t\t\t\t<\/div>\n\t\t\t\t<div class=\"elementor-element elementor-element-f403b08 elementor-widget elementor-widget-text-editor\" data-id=\"f403b08\" data-element_type=\"widget\" data-widget_type=\"text-editor.default\">\n\t\t\t\t<div class=\"elementor-widget-container\">\n\t\t\t\t\t\t\t<h3><span style=\"color: #ffffff;\"><b>Cz\u0119\u015bci elektroniczne<br \/>Europa Wschodnia POLSKA\/ POLAND\/ POLEN:<\/b><\/span><\/h3>\n<div style=\"font-size: 20px; font-weight: 500;\">Kontakt:<\/div>\n<div>\u00a0<\/div>\n<p><b>Maciej Bartkowski <\/b>- Kierownik Sprzeda\u017cy: <span style=\"color: #0563c1;\"><a href=\"mailto:Maciej.Bartkowski@ec-ee.eu\">Maciej.Bartkowski@ec-ee.eu<\/a><\/span> , +48-501-648-605<\/p>\n<p><b>Piotr Podg\u00f3rski <\/b>\u2013 Sprzeda\u017c OEM: <span style=\"color: #0563c1;\"><a href=\"mailto:Piotr.Podg\u00f3rski@ec-ee.eu\">Piotr.Podg\u00f3rski@ec-ee.eu<\/a><\/span> , +48-22-389-62-34<\/p>\n<p><b>\u0141ukasz Antoniuk <\/b>\u2013 Sprzeda\u017c OEM: <span style=\"color: #0563c1;\"><a href=\"mailto:Lukasz.Antoniuk@ec-ee.eu\">\u0141ukasz.Antoniuk@ec-ee.eu<\/a><\/span> , +48-22-389-53-2<\/p>\n\t\t\t\t\t\t<\/div>\n\t\t\t\t<\/div>\n\t\t\t\t\t<\/div>\n\t\t<\/div>\n\t\t\t\t\t<\/div>\n\t\t<\/section>\n\t\t\t\t<section class=\"elementor-section elementor-top-section elementor-element elementor-element-a596e45 elementor-section-boxed elementor-section-height-default elementor-section-height-default\" data-id=\"a596e45\" data-element_type=\"section\">\n\t\t\t\t\t\t<div class=\"elementor-container elementor-column-gap-default\">\n\t\t\t\t\t<div class=\"elementor-column elementor-col-100 elementor-top-column elementor-element elementor-element-a59741f kontakt-wyslij-btn\" data-id=\"a59741f\" data-element_type=\"column\">\n\t\t\t<div class=\"elementor-widget-wrap elementor-element-populated\">\n\t\t\t\t\t\t<div class=\"elementor-element elementor-element-a5978d3 elementor-widget elementor-widget-vc_custom_heading\" data-id=\"a5978d3\" data-element_type=\"widget\" data-widget_type=\"vc_custom_heading.default\">\n\t\t\t\t<div class=\"elementor-widget-container\">\n\t\t\t<div class=\"vc_custom_heading  consulting_heading_font  text_align_left\" ><h4 style=\"text-align: left;font-weight:700\" class=\"consulting-custom-title\">Skontaktuj si\u0119 z nami\n<\/h4><\/div>\t\t<\/div>\n\t\t\t\t<\/div>\n\t\t\t\t<div class=\"elementor-element elementor-element-a597d45 elementor-widget elementor-widget-stm_contact_form_7\" data-id=\"a597d45\" data-element_type=\"widget\" data-widget_type=\"stm_contact_form_7.default\">\n\t\t\t\t<div class=\"elementor-widget-container\">\n\t\t\t\n<div class=\"wpcf7 no-js\" id=\"wpcf7-f508-o1\" lang=\"en-US\" dir=\"ltr\">\n<div class=\"screen-reader-response\"><p role=\"status\" aria-live=\"polite\" aria-atomic=\"true\"><\/p> <ul><\/ul><\/div>\n<form action=\"\/pl\/wp-json\/wp\/v2\/pages\/7003#wpcf7-f508-o1\" method=\"post\" class=\"wpcf7-form init\" aria-label=\"Contact form\" novalidate=\"novalidate\" data-status=\"init\" data-trp-original-action=\"\/pl\/wp-json\/wp\/v2\/pages\/7003#wpcf7-f508-o1\">\n<div style=\"display: none;\">\n<input type=\"hidden\" name=\"_wpcf7\" value=\"508\" \/>\n<input type=\"hidden\" name=\"_wpcf7_version\" value=\"5.8.6\" \/>\n<input type=\"hidden\" name=\"_wpcf7_locale\" value=\"en_US\" \/>\n<input type=\"hidden\" name=\"_wpcf7_unit_tag\" value=\"wpcf7-f508-o1\" \/>\n<input type=\"hidden\" name=\"_wpcf7_container_post\" value=\"0\" \/>\n<input type=\"hidden\" name=\"_wpcf7_posted_data_hash\" value=\"\" \/>\n<input type=\"hidden\" name=\"_wpcf7_recaptcha_response\" value=\"\" \/>\n<\/div>\n<div class=\"request_callback\">\n\t<div class=\"row\">\n\t\t<div class=\"col-lg-6 col-md-6 col-sm-6 col-xs-12\">\n\t\t\t<div class=\"input-group\">\n\t\t\t\t<p><span class=\"wpcf7-form-control-wrap\" data-name=\"name-1\"><input size=\"40\" class=\"wpcf7-form-control wpcf7-text wpcf7-validates-as-required\" aria-required=\"true\" aria-invalid=\"false\" placeholder=\"Nazwa *\" value=\"\" type=\"text\" name=\"name-1\" \/><\/span>\n\t\t\t\t<\/p>\n\t\t\t<\/div>\n\t\t\t<div class=\"input-group\">\n\t\t\t\t<p><span class=\"wpcf7-form-control-wrap\" data-name=\"email-1\"><input size=\"40\" class=\"wpcf7-form-control wpcf7-email wpcf7-validates-as-required wpcf7-text wpcf7-validates-as-email\" aria-required=\"true\" aria-invalid=\"false\" placeholder=\"E-mail *\" value=\"\" type=\"email\" name=\"email-1\" \/><\/span>\n\t\t\t\t<\/p>\n\t\t\t<\/div>\n\t\t\t<div class=\"input-group\">\n\t\t\t\t<p><span class=\"wpcf7-form-control-wrap\" data-name=\"phone-1\"><input size=\"40\" class=\"wpcf7-form-control wpcf7-tel wpcf7-validates-as-required wpcf7-text wpcf7-validates-as-tel\" aria-required=\"true\" aria-invalid=\"false\" placeholder=\"Numer telefonu *\" value=\"\" type=\"tel\" name=\"phone-1\" \/><\/span>\n\t\t\t\t<\/p>\n\t\t\t<\/div>\n\t\t<\/div>\n\t\t<div class=\"col-lg-6 col-md-6 col-sm-6 col-xs-12\">\n\t\t\t<div class=\"input-group\">\n\t\t\t\t<p><span class=\"wpcf7-form-control-wrap\" data-name=\"message-1\"><textarea cols=\"40\" rows=\"10\" class=\"wpcf7-form-control wpcf7-textarea wpcf7-validates-as-required\" aria-required=\"true\" aria-invalid=\"false\" placeholder=\"Wiadomo\u015b\u0107 *\" name=\"message-1\"><\/textarea><\/span>\n\t\t\t\t<\/p>\n\t\t\t<\/div>\n\t\t\t<div class=\"input-group\">\n\t\t\t\t<p><button type=\"submit\" class=\"button size-lg icon_right\">Wy\u015blij <i class=\"fa fa-chevron-right\"><\/i><\/button>\n\t\t\t\t<\/p>\n\t\t\t<\/div>\n\t\t<\/div>\n\t<\/div>\n<\/div><div class=\"wpcf7-response-output\" aria-hidden=\"true\"><\/div>\n<input type=\"hidden\" name=\"trp-form-language\" value=\"pl\"\/><\/form>\n<\/div>\n\t\t<\/div>\n\t\t\t\t<\/div>\n\t\t\t\t\t<\/div>\n\t\t<\/div>\n\t\t\t\t\t<\/div>\n\t\t<\/section>\n\t\t\t\t\t<\/div>\n\t\t<\/div>\n\t\t\t\t\t<\/div>\n\t\t<\/section>\n\t\t\t\t<section class=\"elementor-section elementor-top-section elementor-element elementor-element-bd91432 third_bg_color elementor-hidden-desktop elementor-hidden-tablet elementor-hidden-mobile elementor-section-boxed elementor-section-height-default elementor-section-height-default\" data-id=\"bd91432\" data-element_type=\"section\" data-settings=\"{&quot;background_background&quot;:&quot;classic&quot;}\">\n\t\t\t\t\t\t<div class=\"elementor-container elementor-column-gap-default\">\n\t\t\t\t\t<div class=\"elementor-column elementor-col-100 elementor-top-column elementor-element elementor-element-898e3d6\" data-id=\"898e3d6\" data-element_type=\"column\">\n\t\t\t<div class=\"elementor-widget-wrap elementor-element-populated\">\n\t\t\t\t\t\t<div class=\"elementor-element elementor-element-68ad609 elementor-widget elementor-widget-text-editor\" data-id=\"68ad609\" data-element_type=\"widget\" data-widget_type=\"text-editor.default\">\n\t\t\t\t<div class=\"elementor-widget-container\">\n\t\t\t\t\t\t\t<section class=\"elementor-section elementor-top-section elementor-element elementor-element-a5a63ff third_bg_color elementor-section-boxed elementor-section-height-default elementor-section-height-default\" data-id=\"a5a63ff\" data-element_type=\"section\" data-settings=\"{\">\n<div class=\"elementor-container elementor-column-gap-default\">\n<div class=\"elementor-column elementor-col-100 elementor-top-column elementor-element elementor-element-a5a6a4e\" data-id=\"a5a6a4e\" data-element_type=\"column\">\n<div class=\"elementor-widget-wrap elementor-element-populated\">\n<div class=\"elementor-element elementor-element-a5a6ffa extra-footer elementor-widget elementor-widget-vc_cta\" data-id=\"a5a6ffa\" data-element_type=\"widget\" data-widget_type=\"vc_cta.default\">\n<div class=\"elementor-widget-container\">\n<div id=\"\" class=\"ce_cta ce_cta_e7dd3e995394fa7ded6593dd7967b861 ce_text_left third_bg_color add_button_right btn_align_right btn_button_block_ btn_has_icon btn_has_icon_on_the_right\">\n<div class=\"ce_cta__content\">\n<div class=\"ce_cta__content__header\">\n<h2 class=\"ce_cta__content__title\">Poszukujesz najlepszego Partnera w dostawach komponent\u00f3w elektronicznych?<\/h2>\n<\/div>\n<\/div>\n<div class=\"ce_cta__action\"><a class=\"button dowiedz-btn\" href=\"\/pl\/kontakt\/\" target=\"_self\" rel=\"noopener\">wi\u0119cej<\/a><\/div>\n<\/div>\n<\/div>\n<\/div>\n<\/div>\n<\/div>\n<\/div>\n<\/section>\n\t\t\t\t\t\t<\/div>\n\t\t\t\t<\/div>\n\t\t\t\t\t<\/div>\n\t\t<\/div>\n\t\t\t\t\t<\/div>\n\t\t<\/section>\n\t\t\t\t<\/div>","protected":false},"excerpt":{"rendered":"<p>Business Activity Global supply and market introduction of active and passive elements, electromechanical components, optoelectronic subassemblies, and data carriers. Our offering includes both standard products and those challenging to obtain or discontinued. Clients (Purchase and Sales) We work for domestic and international clients from various industries, including telecommunications, automotive, consumer electronics, security technology, drive technology,<\/p>","protected":false},"author":1,"featured_media":0,"parent":0,"menu_order":0,"comment_status":"closed","ping_status":"closed","template":"","meta":{"inline_featured_image":false,"footnotes":""},"class_list":["post-7003","page","type-page","status-publish","hentry"],"_links":{"self":[{"href":"https:\/\/ec-ee.pl\/pl\/wp-json\/wp\/v2\/pages\/7003","targetHints":{"allow":["GET"]}}],"collection":[{"href":"https:\/\/ec-ee.pl\/pl\/wp-json\/wp\/v2\/pages"}],"about":[{"href":"https:\/\/ec-ee.pl\/pl\/wp-json\/wp\/v2\/types\/page"}],"author":[{"embeddable":true,"href":"https:\/\/ec-ee.pl\/pl\/wp-json\/wp\/v2\/users\/1"}],"replies":[{"embeddable":true,"href":"https:\/\/ec-ee.pl\/pl\/wp-json\/wp\/v2\/comments?post=7003"}],"version-history":[{"count":137,"href":"https:\/\/ec-ee.pl\/pl\/wp-json\/wp\/v2\/pages\/7003\/revisions"}],"predecessor-version":[{"id":10611,"href":"https:\/\/ec-ee.pl\/pl\/wp-json\/wp\/v2\/pages\/7003\/revisions\/10611"}],"wp:attachment":[{"href":"https:\/\/ec-ee.pl\/pl\/wp-json\/wp\/v2\/media?parent=7003"}],"curies":[{"name":"wp","href":"https:\/\/api.w.org\/{rel}","templated":true}]}}